{"id":181,"date":"2022-05-31T10:11:05","date_gmt":"2022-05-31T10:11:05","guid":{"rendered":"https:\/\/nein-zum-gewerbegebiet-sasserath.de\/?page_id=181"},"modified":"2022-07-16T17:07:54","modified_gmt":"2022-07-16T17:07:54","slug":"termine","status":"publish","type":"page","link":"https:\/\/nein-zum-gewerbegebiet-sasserath.de\/index.php\/termine\/","title":{"rendered":"Termine"},"content":{"rendered":"\n<div class=\"wp-block-columns alignwide is-layout-flex wp-container-core-columns-is-layout-28f84493 wp-block-columns-is-layout-flex\">\n<div class=\"wp-block-column is-layout-flow wp-block-column-is-layout-flow\" style=\"flex-basis:33.33%\">\n<p class=\"has-medium-font-size\"><strong>Im Dialog mit dem Oberb\u00fcrgermeister<\/strong><br>M\u00f6nchengladbach<br><\/p>\n\n\n\n<p class=\"has-large-font-size\"><strong>03.09.2022<\/strong><\/p>\n\n\n\n<p class=\"has-medium-font-size\"><strong>9 bis 11 Uhr<\/strong><br>Wochemarkt Rheydt, gemeinsam mit Bezirksvorsteher Ulrich Elsen<\/p>\n<\/div>\n\n\n\n<div class=\"wp-block-column is-layout-flow wp-block-column-is-layout-flow\" style=\"flex-basis:66.66%\">\n<p><a href=\"https:\/\/www.moenchengladbach.de\/de\/aktuell-aktiv\/newsroom\/ob-felix-heinrichs-geht-wieder-auf-die-wochenmaerkte\" target=\"_blank\" rel=\"noreferrer noopener\">Mehr Informationen<\/a><\/p>\n\n\n\n<p>Gerne Fragen stellen!!<\/p>\n<\/div>\n<\/div>\n\n\n\n<hr class=\"wp-block-separator has-alpha-channel-opacity is-style-wide alignwide\"\/>\n\n\n\n<div class=\"wp-block-columns alignwide is-layout-flex wp-container-core-columns-is-layout-28f84493 wp-block-columns-is-layout-flex\">\n<div class=\"wp-block-column is-layout-flow wp-block-column-is-layout-flow\" style=\"flex-basis:33.33%\">\n<p class=\"has-medium-font-size\"><strong>Dorffest Sasserath<\/strong><br><\/p>\n\n\n\n<p class=\"has-large-font-size\"><strong>20.08.2022<\/strong><\/p>\n<\/div>\n\n\n\n<div class=\"wp-block-column is-layout-flow wp-block-column-is-layout-flow\" style=\"flex-basis:66.66%\">\n<p><a href=\"http:\/\/www.dorfgestaltung-sasserath.de\/\" target=\"_blank\" rel=\"noreferrer noopener\">Mehr Informationen<\/a><\/p>\n\n\n\n<p><\/p>\n<\/div>\n<\/div>\n\n\n\n<hr class=\"wp-block-separator has-alpha-channel-opacity is-style-wide alignwide\"\/>\n\n\n\n<div class=\"wp-block-columns alignwide is-layout-flex wp-container-core-columns-is-layout-28f84493 wp-block-columns-is-layout-flex\">\n<div class=\"wp-block-column is-layout-flow wp-block-column-is-layout-flow\" style=\"flex-basis:33.33%\">\n<p class=\"has-medium-font-size\"><strong>Im Dialog mit dem Oberb\u00fcrgermeister<\/strong><br>M\u00f6nchengladbach<br><\/p>\n\n\n\n<p class=\"has-large-font-size\"><strong>10.08.2022<\/strong><\/p>\n\n\n\n<p class=\"has-medium-font-size\"><strong>9 bis 10.30 Uhr<\/strong><br>Wochenmarkt Rheydt gemeinsam mit Bezirksvorsteher Ulrich Elsen<br><\/p>\n<\/div>\n\n\n\n<div class=\"wp-block-column is-layout-flow wp-block-column-is-layout-flow\" style=\"flex-basis:66.66%\">\n<p><a href=\"https:\/\/www.moenchengladbach.de\/de\/aktuell-aktiv\/newsroom\/ob-felix-heinrichs-geht-wieder-auf-die-wochenmaerkte\" target=\"_blank\" rel=\"noreferrer noopener\"><strong> <\/strong>Mehr Informationen<\/a><\/p>\n\n\n\n<p>Gerne Fragen stellen!!<\/p>\n<\/div>\n<\/div>\n\n\n\n<hr class=\"wp-block-separator has-alpha-channel-opacity is-style-wide alignwide\"\/>\n\n\n\n<div class=\"wp-block-columns alignwide is-layout-flex wp-container-core-columns-is-layout-28f84493 wp-block-columns-is-layout-flex\">\n<div class=\"wp-block-column is-layout-flow wp-block-column-is-layout-flow\" style=\"flex-basis:33.33%\">\n<p class=\"has-medium-font-size\"><strong>Demo in D\u00fcsseldorf<\/strong><br>Regionalratsitzung<\/p>\n\n\n\n<p class=\"has-large-font-size\">23.06.2022<\/p>\n\n\n\n<p class=\"has-medium-font-size\">8 Uhr (Start der Sitzung 10 Uhr)<br>Ausgangspunkt:<br>D\u00fcsseldorf\/Cecilienallee 2<br><\/p>\n<\/div>\n\n\n\n<div class=\"wp-block-column is-layout-flow wp-block-column-is-layout-flow\" style=\"flex-basis:66.66%\">\n<p><strong>Ablauf:<\/strong><br>Nach der entt\u00e4uschenden Entscheidungen im Planungsausschuss f\u00fcr die Reginalplan\u00e4nderung die Sasserath einschlie\u00dft, soll die Planung nun im Reginalrat best\u00e4tigt werden. Unsere letzte Chance die Planung vorab zu stoppen.<\/p>\n\n\n\n<p class=\"has-large-font-size\">Wir brauchen EUCH ALLE in D\u00fcsseldorf!!!<\/p>\n\n\n\n<p>Lasst die Politik nicht unser Land und vor allem das der Landwirte verschachern!<\/p>\n<\/div>\n<\/div>\n\n\n\n<hr class=\"wp-block-separator has-alpha-channel-opacity is-style-wide alignwide\"\/>\n\n\n\n<div class=\"wp-block-columns alignwide is-layout-flex wp-container-core-columns-is-layout-28f84493 wp-block-columns-is-layout-flex\">\n<div class=\"wp-block-column is-layout-flow wp-block-column-is-layout-flow\" style=\"flex-basis:33.33%\">\n<p class=\"has-medium-font-size\"><strong>Demo in D\u00fcsseldorf<\/strong><\/p>\n\n\n\n<p class=\"has-large-font-size\">09.06.2022<\/p>\n\n\n\n<p class=\"has-medium-font-size\">8 Uhr<br>Ausgangspunkt:<br>D\u00fcsseldorf\/Cecilienallee 2<br><\/p>\n<\/div>\n\n\n\n<div class=\"wp-block-column is-layout-flow wp-block-column-is-layout-flow\" style=\"flex-basis:66.66%\">\n<p><strong>Ablauf:<\/strong><br>Markus Wipperf\u00fcrth und einige weitere Landwirte werden mit Traktoren erscheinen. <\/p>\n\n\n\n<p>Um 10 Uhr beginnt der Planungsausschluss des Regionalrats in der die 10. Reginalplan\u00e4nderung zum Feststellungsbeschluss vorliegt.<br><\/p>\n\n\n\n<p>Bitte unterst\u00fctzt uns vor Ort.<\/p>\n<\/div>\n<\/div>\n\n\n\n<hr class=\"wp-block-separator has-alpha-channel-opacity is-style-wide alignwide\"\/>\n\n\n\n<div class=\"wp-block-columns alignwide is-layout-flex wp-container-core-columns-is-layout-28f84493 wp-block-columns-is-layout-flex\">\n<div class=\"wp-block-column is-layout-flow wp-block-column-is-layout-flow\" style=\"flex-basis:33.33%\">\n<p class=\"has-medium-font-size\"><strong>Feldbesichtigung f\u00fcr Entscheidungstr\u00e4ger<\/strong><\/p>\n\n\n\n<p class=\"has-large-font-size\">02.06.2022<\/p>\n\n\n\n<p>Um 10.30 Uhr<br>Ausgangspunkt:<br>Familie Coenen<br>Kamphausener Weg 6<br>41199 M\u00f6nchengladbach<br><\/p>\n<\/div>\n\n\n\n<div class=\"wp-block-column is-layout-flow wp-block-column-is-layout-flow\" style=\"flex-basis:66.66%\">\n<p><strong>Ablauf:<\/strong><br>Wir m\u00f6chten Sie mit dem Trecker zum Feld fahren, um Ihnen vor Ort den wichtigen und vergleichsweise seltenen Boden zu zeigen: Erde ist noch lange nicht gleich&nbsp; Erde\u2026.<br>=&gt; ca.20 &#8211; 30 Min.<\/p>\n\n\n\n<p>\u2022 erleben,&nbsp; was solch einen Boden besonders macht!<br>Ca 20- 30 Min im Feld<\/p>\n\n\n\n<p>\u2022 Die Lage des Gebietes wird verdeutlicht,&nbsp; um die gro\u00dfe&nbsp; Gegenwehr der B\u00fcrger vielleicht&nbsp; zu verstehen\u2026.<\/p>\n\n\n\n<p>\u2022 sehen, was und wie viel hier w\u00e4chst&nbsp;<\/p>\n\n\n\n<p>\u2022schmecken, was hier w\u00e4chst\u2026.<\/p>\n\n\n\n<p>Heimkehr zum Hof:<br>Ca 11.30 Uhr<\/p>\n\n\n\n<p>\u2022Infos, zu Wasser und Boden,&nbsp;Bilder von Konfirmanden , M\u00f6glichkeit, 2 einfache Versuche auszuprobieren<\/p>\n\n\n\n<p>Kartoffelnessen\u2026<\/p>\n\n\n\n<p>=&gt; Aufenthalt auf Hof Ca. 30 &#8211; 60 Min\u2026 je nach Gespr\u00e4chsbedarf\u2026<\/p>\n\n\n\n<p>INSGESAMT 1Std 15 Min &#8211; 2 Std.<\/p>\n\n\n\n<p>!!! Zuschauer\/Demontraten willkommen !!!<\/p>\n<\/div>\n<\/div>\n","protected":false},"excerpt":{"rendered":"<p>Im Dialog mit dem Oberb\u00fcrgermeisterM\u00f6nchengladbach 03.09.2022 9 bis 11 UhrWochemarkt Rheydt, gemeinsam mit Bezirksvorsteher Ulrich Elsen Mehr Informationen Gerne Fragen stellen!! Dorffest Sasserath 20.08.2022 Mehr Informationen Im Dialog mit dem Oberb\u00fcrgermeisterM\u00f6nchengladbach 10.08.2022 9 bis 10.30 UhrWochenmarkt Rheydt gemeinsam mit Bezirksvorsteher Ulrich Elsen Mehr Informationen Gerne Fragen stellen!! Demo in D\u00fcsseldorfRegionalratsitzung 23.06.2022 8 Uhr (Start der [&hellip;]<\/p>\n","protected":false},"author":1,"featured_media":0,"parent":0,"menu_order":0,"comment_status":"closed","ping_status":"closed","template":"","meta":{"footnotes":""},"class_list":["post-181","page","type-page","status-publish","hentry"],"yoast_head":"<!-- This site is optimized with the Yoast SEO plugin v27.3 - https:\/\/yoast.com\/product\/yoast-seo-wordpress\/ -->\n<title>Termine - Nein zum Gewerbegebiet Sasserath<\/title>\n<meta name=\"robots\" content=\"index, follow, max-snippet:-1, max-image-preview:large, max-video-preview:-1\" \/>\n<link rel=\"canonical\" href=\"https:\/\/nein-zum-gewerbegebiet-sasserath.de\/index.php\/termine\/\" \/>\n<meta property=\"og:locale\" content=\"de_DE\" \/>\n<meta property=\"og:type\" content=\"article\" \/>\n<meta property=\"og:title\" content=\"Termine - Nein zum Gewerbegebiet Sasserath\" \/>\n<meta property=\"og:description\" content=\"Im Dialog mit dem Oberb\u00fcrgermeisterM\u00f6nchengladbach 03.09.2022 9 bis 11 UhrWochemarkt Rheydt, gemeinsam mit Bezirksvorsteher Ulrich Elsen Mehr Informationen Gerne Fragen stellen!! Dorffest Sasserath 20.08.2022 Mehr Informationen Im Dialog mit dem Oberb\u00fcrgermeisterM\u00f6nchengladbach 10.08.2022 9 bis 10.30 UhrWochenmarkt Rheydt gemeinsam mit Bezirksvorsteher Ulrich Elsen Mehr Informationen Gerne Fragen stellen!! Demo in D\u00fcsseldorfRegionalratsitzung 23.06.2022 8 Uhr (Start der [&hellip;]\" \/>\n<meta property=\"og:url\" content=\"https:\/\/nein-zum-gewerbegebiet-sasserath.de\/index.php\/termine\/\" \/>\n<meta property=\"og:site_name\" content=\"Nein zum Gewerbegebiet Sasserath\" \/>\n<meta property=\"article:modified_time\" content=\"2022-07-16T17:07:54+00:00\" \/>\n<meta name=\"twitter:card\" content=\"summary_large_image\" \/>\n<meta name=\"twitter:label1\" content=\"Gesch\u00e4tzte Lesezeit\" \/>\n\t<meta name=\"twitter:data1\" content=\"2\u00a0Minuten\" \/>\n<script type=\"application\/ld+json\" class=\"yoast-schema-graph\">{\"@context\":\"https:\\\/\\\/schema.org\",\"@graph\":[{\"@type\":\"WebPage\",\"@id\":\"https:\\\/\\\/nein-zum-gewerbegebiet-sasserath.de\\\/index.php\\\/termine\\\/\",\"url\":\"https:\\\/\\\/nein-zum-gewerbegebiet-sasserath.de\\\/index.php\\\/termine\\\/\",\"name\":\"Termine - Nein zum Gewerbegebiet Sasserath\",\"isPartOf\":{\"@id\":\"https:\\\/\\\/nein-zum-gewerbegebiet-sasserath.de\\\/#website\"},\"datePublished\":\"2022-05-31T10:11:05+00:00\",\"dateModified\":\"2022-07-16T17:07:54+00:00\",\"breadcrumb\":{\"@id\":\"https:\\\/\\\/nein-zum-gewerbegebiet-sasserath.de\\\/index.php\\\/termine\\\/#breadcrumb\"},\"inLanguage\":\"de\",\"potentialAction\":[{\"@type\":\"ReadAction\",\"target\":[\"https:\\\/\\\/nein-zum-gewerbegebiet-sasserath.de\\\/index.php\\\/termine\\\/\"]}]},{\"@type\":\"BreadcrumbList\",\"@id\":\"https:\\\/\\\/nein-zum-gewerbegebiet-sasserath.de\\\/index.php\\\/termine\\\/#breadcrumb\",\"itemListElement\":[{\"@type\":\"ListItem\",\"position\":1,\"name\":\"Startseite\",\"item\":\"https:\\\/\\\/nein-zum-gewerbegebiet-sasserath.de\\\/\"},{\"@type\":\"ListItem\",\"position\":2,\"name\":\"Termine\"}]},{\"@type\":\"WebSite\",\"@id\":\"https:\\\/\\\/nein-zum-gewerbegebiet-sasserath.de\\\/#website\",\"url\":\"https:\\\/\\\/nein-zum-gewerbegebiet-sasserath.de\\\/\",\"name\":\"Nein zum Gewerbegebiet Sasserath\",\"description\":\"Informationen zur B\u00fcrgerinitiative Sasserath gegen das Gewerbegebeit Sasserath\",\"publisher\":{\"@id\":\"https:\\\/\\\/nein-zum-gewerbegebiet-sasserath.de\\\/#organization\"},\"potentialAction\":[{\"@type\":\"SearchAction\",\"target\":{\"@type\":\"EntryPoint\",\"urlTemplate\":\"https:\\\/\\\/nein-zum-gewerbegebiet-sasserath.de\\\/?s={search_term_string}\"},\"query-input\":{\"@type\":\"PropertyValueSpecification\",\"valueRequired\":true,\"valueName\":\"search_term_string\"}}],\"inLanguage\":\"de\"},{\"@type\":\"Organization\",\"@id\":\"https:\\\/\\\/nein-zum-gewerbegebiet-sasserath.de\\\/#organization\",\"name\":\"B\u00fcrgerinitative Sasserath\",\"url\":\"https:\\\/\\\/nein-zum-gewerbegebiet-sasserath.de\\\/\",\"logo\":{\"@type\":\"ImageObject\",\"inLanguage\":\"de\",\"@id\":\"https:\\\/\\\/nein-zum-gewerbegebiet-sasserath.de\\\/#\\\/schema\\\/logo\\\/image\\\/\",\"url\":\"https:\\\/\\\/nein-zum-gewerbegebiet-sasserath.de\\\/wp-content\\\/uploads\\\/2022\\\/05\\\/logo.jpg\",\"contentUrl\":\"https:\\\/\\\/nein-zum-gewerbegebiet-sasserath.de\\\/wp-content\\\/uploads\\\/2022\\\/05\\\/logo.jpg\",\"width\":1748,\"height\":1118,\"caption\":\"B\u00fcrgerinitative Sasserath\"},\"image\":{\"@id\":\"https:\\\/\\\/nein-zum-gewerbegebiet-sasserath.de\\\/#\\\/schema\\\/logo\\\/image\\\/\"}}]}<\/script>\n<!-- \/ Yoast SEO plugin. -->","yoast_head_json":{"title":"Termine - Nein zum Gewerbegebiet Sasserath","robots":{"index":"index","follow":"follow","max-snippet":"max-snippet:-1","max-image-preview":"max-image-preview:large","max-video-preview":"max-video-preview:-1"},"canonical":"https:\/\/nein-zum-gewerbegebiet-sasserath.de\/index.php\/termine\/","og_locale":"de_DE","og_type":"article","og_title":"Termine - Nein zum Gewerbegebiet Sasserath","og_description":"Im Dialog mit dem Oberb\u00fcrgermeisterM\u00f6nchengladbach 03.09.2022 9 bis 11 UhrWochemarkt Rheydt, gemeinsam mit Bezirksvorsteher Ulrich Elsen Mehr Informationen Gerne Fragen stellen!! Dorffest Sasserath 20.08.2022 Mehr Informationen Im Dialog mit dem Oberb\u00fcrgermeisterM\u00f6nchengladbach 10.08.2022 9 bis 10.30 UhrWochenmarkt Rheydt gemeinsam mit Bezirksvorsteher Ulrich Elsen Mehr Informationen Gerne Fragen stellen!! Demo in D\u00fcsseldorfRegionalratsitzung 23.06.2022 8 Uhr (Start der [&hellip;]","og_url":"https:\/\/nein-zum-gewerbegebiet-sasserath.de\/index.php\/termine\/","og_site_name":"Nein zum Gewerbegebiet Sasserath","article_modified_time":"2022-07-16T17:07:54+00:00","twitter_card":"summary_large_image","twitter_misc":{"Gesch\u00e4tzte Lesezeit":"2\u00a0Minuten"},"schema":{"@context":"https:\/\/schema.org","@graph":[{"@type":"WebPage","@id":"https:\/\/nein-zum-gewerbegebiet-sasserath.de\/index.php\/termine\/","url":"https:\/\/nein-zum-gewerbegebiet-sasserath.de\/index.php\/termine\/","name":"Termine - Nein zum Gewerbegebiet Sasserath","isPartOf":{"@id":"https:\/\/nein-zum-gewerbegebiet-sasserath.de\/#website"},"datePublished":"2022-05-31T10:11:05+00:00","dateModified":"2022-07-16T17:07:54+00:00","breadcrumb":{"@id":"https:\/\/nein-zum-gewerbegebiet-sasserath.de\/index.php\/termine\/#breadcrumb"},"inLanguage":"de","potentialAction":[{"@type":"ReadAction","target":["https:\/\/nein-zum-gewerbegebiet-sasserath.de\/index.php\/termine\/"]}]},{"@type":"BreadcrumbList","@id":"https:\/\/nein-zum-gewerbegebiet-sasserath.de\/index.php\/termine\/#breadcrumb","itemListElement":[{"@type":"ListItem","position":1,"name":"Startseite","item":"https:\/\/nein-zum-gewerbegebiet-sasserath.de\/"},{"@type":"ListItem","position":2,"name":"Termine"}]},{"@type":"WebSite","@id":"https:\/\/nein-zum-gewerbegebiet-sasserath.de\/#website","url":"https:\/\/nein-zum-gewerbegebiet-sasserath.de\/","name":"Nein zum Gewerbegebiet Sasserath","description":"Informationen zur B\u00fcrgerinitiative Sasserath gegen das Gewerbegebeit Sasserath","publisher":{"@id":"https:\/\/nein-zum-gewerbegebiet-sasserath.de\/#organization"},"potentialAction":[{"@type":"SearchAction","target":{"@type":"EntryPoint","urlTemplate":"https:\/\/nein-zum-gewerbegebiet-sasserath.de\/?s={search_term_string}"},"query-input":{"@type":"PropertyValueSpecification","valueRequired":true,"valueName":"search_term_string"}}],"inLanguage":"de"},{"@type":"Organization","@id":"https:\/\/nein-zum-gewerbegebiet-sasserath.de\/#organization","name":"B\u00fcrgerinitative Sasserath","url":"https:\/\/nein-zum-gewerbegebiet-sasserath.de\/","logo":{"@type":"ImageObject","inLanguage":"de","@id":"https:\/\/nein-zum-gewerbegebiet-sasserath.de\/#\/schema\/logo\/image\/","url":"https:\/\/nein-zum-gewerbegebiet-sasserath.de\/wp-content\/uploads\/2022\/05\/logo.jpg","contentUrl":"https:\/\/nein-zum-gewerbegebiet-sasserath.de\/wp-content\/uploads\/2022\/05\/logo.jpg","width":1748,"height":1118,"caption":"B\u00fcrgerinitative Sasserath"},"image":{"@id":"https:\/\/nein-zum-gewerbegebiet-sasserath.de\/#\/schema\/logo\/image\/"}}]}},"_links":{"self":[{"href":"https:\/\/nein-zum-gewerbegebiet-sasserath.de\/index.php\/wp-json\/wp\/v2\/pages\/181","targetHints":{"allow":["GET"]}}],"collection":[{"href":"https:\/\/nein-zum-gewerbegebiet-sasserath.de\/index.php\/wp-json\/wp\/v2\/pages"}],"about":[{"href":"https:\/\/nein-zum-gewerbegebiet-sasserath.de\/index.php\/wp-json\/wp\/v2\/types\/page"}],"author":[{"embeddable":true,"href":"https:\/\/nein-zum-gewerbegebiet-sasserath.de\/index.php\/wp-json\/wp\/v2\/users\/1"}],"replies":[{"embeddable":true,"href":"https:\/\/nein-zum-gewerbegebiet-sasserath.de\/index.php\/wp-json\/wp\/v2\/comments?post=181"}],"version-history":[{"count":10,"href":"https:\/\/nein-zum-gewerbegebiet-sasserath.de\/index.php\/wp-json\/wp\/v2\/pages\/181\/revisions"}],"predecessor-version":[{"id":396,"href":"https:\/\/nein-zum-gewerbegebiet-sasserath.de\/index.php\/wp-json\/wp\/v2\/pages\/181\/revisions\/396"}],"wp:attachment":[{"href":"https:\/\/nein-zum-gewerbegebiet-sasserath.de\/index.php\/wp-json\/wp\/v2\/media?parent=181"}],"curies":[{"name":"wp","href":"https:\/\/api.w.org\/{rel}","templated":true}]}}