{"id":376,"date":"2022-06-27T12:47:57","date_gmt":"2022-06-27T12:47:57","guid":{"rendered":"https:\/\/nein-zum-gewerbegebiet-sasserath.de\/?page_id=376"},"modified":"2022-06-27T13:27:06","modified_gmt":"2022-06-27T13:27:06","slug":"entscheidende-politiker","status":"publish","type":"page","link":"https:\/\/nein-zum-gewerbegebiet-sasserath.de\/index.php\/entscheidende-politiker\/","title":{"rendered":"Entscheidende Politiker"},"content":{"rendered":"\n<p>Hier ein paar Adressen enscheidender Politiker an die ihr Euch zum Thema wenden k\u00f6nnt:<\/p>\n\n\n\n<figure class=\"wp-block-table\"><table><tbody><tr><td>Harald Zillikens (CDU J\u00fcchen)<\/td><td>harald.zillikens@juechen.de<\/td><\/tr><tr><td>Mario Broisch (CDU J\u00fcchen)<\/td><td>mario.broisch@googlemail.com<\/td><\/tr><tr><td>Hans-Josef Schneider (SPD J\u00fcchen)<\/td><td>hans-josef.schneider@spd-juechen.de<\/td><\/tr><tr><td>Thomas Dederichs (Gr\u00fcne J\u00fcchen)<\/td><td>thomas.dederichs@gruene-juechen.com<\/td><\/tr><tr><td>Konrad Thelen (FDP J\u00fcchen)<\/td><td>konradthelen@web.de<\/td><\/tr><tr><td>Gerolf Hommel (FWG J\u00fcchen)<\/td><td><a href=\"mailto:gerolf.hommel@fwg-juechen.de\">gerolf.hommel@fwg-juechen.de<\/a><\/td><\/tr><tr><td>Ratsb\u00fcro (J\u00fcchen):<\/td><td><a href=\"mailto:Norbert.wolf@juechen.de\" target=\"_blank\" rel=\"noreferrer noopener\">Norbert.wolf@juechen.de<\/a><\/td><\/tr><tr><td>Ralf Cremers <\/td><td>cremers-ralf@t-online.de<\/td><\/tr><\/tbody><\/table><\/figure>\n\n\n\n<figure class=\"wp-block-table\"><table><tbody><tr><td>Felix Heinrichs (SPD MG)<\/td><td>oberbuergermeister@moenchengladbach.de<\/td><\/tr><tr><td>Hans Peter Schlegelmilch  (CDU MG)<\/td><td>hans-peter.schlegelmilch@cdu-mg.de<\/td><\/tr><tr><td>Janann Safi  (SPD MG)<\/td><td>mail@janann-safi.de<\/td><\/tr><tr><td>Andreas Terhaag (FDP MG)<\/td><td>andreas.terhaag@landtag.nrw.de<\/td><\/tr><tr><td><a href=\"https:\/\/gruene-mg.net\/dr-boris-wolkowski\">Boris Wolkowski<\/a> (GR\u00dcNE MG)<\/td><td>b.wolkowski@swpmg.de<\/td><\/tr><tr><td>Holger Hexgen (AFD MG)<\/td><td>holger.hexgen@afd-mg.de<\/td><\/tr><tr><td>Torben Schultz (Linke MG)<\/td><td>fraktion@die-linke-mg.de<\/td><\/tr><tr><td>Ratsb\u00fcro\u00a0 M\u00f6nchengladbach<\/td><td><a href=\"mailto:Ratsbuero@moenchengladbach.de\" target=\"_blank\" rel=\"noreferrer noopener\">Ratsbuero@moenchengladbach.de<\/a><\/td><\/tr><tr><td>Thomas Fegers<\/td><td>Thomas.fegers@gmx.de<\/td><\/tr><\/tbody><\/table><\/figure>\n\n\n\n<figure class=\"wp-block-table\"><table><tbody><tr><td>Hans-J\u00fcrgen Petrauschke<\/td><td>landrat@rhein-kreis-neuss.de<\/td><\/tr><tr><td>Lutz Lienenk\u00e4mper<\/td><td>lutz.lienenkaemper@landtag.nrw.de<\/td><\/tr><tr><td>Dirk Br\u00fcgge<\/td><td>dirk.bruegge@rhein-kreis-neuss.de<\/td><\/tr><tr><td>Hans Hugo Happen<\/td><td>hhpapen@yahoo.de<\/td><\/tr><tr><td>Michael Hildemann<\/td><td>Michael.hildemann@gea.com<\/td><\/tr><tr><td>Manfred Krause<\/td><td>Manfred.krause.solingen@web.de<\/td><\/tr><tr><td>Hans Lothar <em>Schiffer<\/em><\/td><td>hl-schiffer@t-online.de<\/td><\/tr><tr><td><a href=\"https:\/\/www.laeckes.de\/\">Manfred L\u00e4ckes<\/a><\/td><td>m.laeckes@laeckes.de<\/td><\/tr><tr><td>Hendrik Wuest<\/td><td><a href=\"mailto:hendrik.wuest@cdu-nrw.de\">hendrik.wuest@cdu-nrw.de<\/a><\/td><\/tr><tr><td>Birgitta Radermacher<\/td><td>rp@brd.nrw.de<\/td><\/tr><tr><td>Martin Huben<\/td><td>martin.huben@brd.nrw.de<\/td><\/tr><tr><td>Anja Knappert<\/td><td><a href=\"mailto:Anja.knappert@brd.nrw.de\" target=\"_blank\" rel=\"noreferrer noopener\">Anja.knappert@brd.nrw.de<\/a><\/td><\/tr><tr><td>Christian Hoffmann<\/td><td>Christian.hoffmann@lwk.nrw.de<\/td><\/tr><tr><td>Andrea Schmittmann<\/td><td>andrea.schmittmann@brd.nrw.de<\/td><\/tr><\/tbody><\/table><\/figure>\n","protected":false},"excerpt":{"rendered":"<p>Hier ein paar Adressen enscheidender Politiker an die ihr Euch zum Thema wenden k\u00f6nnt: Harald Zillikens (CDU J\u00fcchen) harald.zillikens@juechen.de Mario Broisch (CDU J\u00fcchen) mario.broisch@googlemail.com Hans-Josef Schneider (SPD J\u00fcchen) hans-josef.schneider@spd-juechen.de Thomas Dederichs (Gr\u00fcne J\u00fcchen) thomas.dederichs@gruene-juechen.com Konrad Thelen (FDP J\u00fcchen) konradthelen@web.de Gerolf Hommel (FWG J\u00fcchen) gerolf.hommel@fwg-juechen.de Ratsb\u00fcro (J\u00fcchen): Norbert.wolf@juechen.de Ralf Cremers cremers-ralf@t-online.de Felix Heinrichs (SPD MG) oberbuergermeister@moenchengladbach.de [&hellip;]<\/p>\n","protected":false},"author":1,"featured_media":0,"parent":0,"menu_order":0,"comment_status":"closed","ping_status":"closed","template":"","meta":{"footnotes":""},"class_list":["post-376","page","type-page","status-publish","hentry"],"yoast_head":"<!-- This site is optimized with the Yoast SEO plugin v27.6 - https:\/\/yoast.com\/product\/yoast-seo-wordpress\/ -->\n<title>Entscheidende Politiker - Nein zum Gewerbegebiet Sasserath<\/title>\n<meta name=\"robots\" content=\"index, follow, max-snippet:-1, max-image-preview:large, max-video-preview:-1\" \/>\n<link rel=\"canonical\" href=\"https:\/\/nein-zum-gewerbegebiet-sasserath.de\/index.php\/entscheidende-politiker\/\" \/>\n<meta property=\"og:locale\" content=\"de_DE\" \/>\n<meta property=\"og:type\" content=\"article\" \/>\n<meta property=\"og:title\" content=\"Entscheidende Politiker - Nein zum Gewerbegebiet Sasserath\" \/>\n<meta property=\"og:description\" content=\"Hier ein paar Adressen enscheidender Politiker an die ihr Euch zum Thema wenden k\u00f6nnt: Harald Zillikens (CDU J\u00fcchen) harald.zillikens@juechen.de Mario Broisch (CDU J\u00fcchen) mario.broisch@googlemail.com Hans-Josef Schneider (SPD J\u00fcchen) hans-josef.schneider@spd-juechen.de Thomas Dederichs (Gr\u00fcne J\u00fcchen) thomas.dederichs@gruene-juechen.com Konrad Thelen (FDP J\u00fcchen) konradthelen@web.de Gerolf Hommel (FWG J\u00fcchen) gerolf.hommel@fwg-juechen.de Ratsb\u00fcro (J\u00fcchen): Norbert.wolf@juechen.de Ralf Cremers cremers-ralf@t-online.de Felix Heinrichs (SPD MG) oberbuergermeister@moenchengladbach.de [&hellip;]\" \/>\n<meta property=\"og:url\" content=\"https:\/\/nein-zum-gewerbegebiet-sasserath.de\/index.php\/entscheidende-politiker\/\" \/>\n<meta property=\"og:site_name\" content=\"Nein zum Gewerbegebiet Sasserath\" \/>\n<meta property=\"article:modified_time\" content=\"2022-06-27T13:27:06+00:00\" \/>\n<meta name=\"twitter:card\" content=\"summary_large_image\" \/>\n<meta name=\"twitter:label1\" content=\"Gesch\u00e4tzte Lesezeit\" \/>\n\t<meta name=\"twitter:data1\" content=\"1\u00a0Minute\" \/>\n<script type=\"application\/ld+json\" class=\"yoast-schema-graph\">{\"@context\":\"https:\\\/\\\/schema.org\",\"@graph\":[{\"@type\":\"WebPage\",\"@id\":\"https:\\\/\\\/nein-zum-gewerbegebiet-sasserath.de\\\/index.php\\\/entscheidende-politiker\\\/\",\"url\":\"https:\\\/\\\/nein-zum-gewerbegebiet-sasserath.de\\\/index.php\\\/entscheidende-politiker\\\/\",\"name\":\"Entscheidende Politiker - Nein zum Gewerbegebiet Sasserath\",\"isPartOf\":{\"@id\":\"https:\\\/\\\/nein-zum-gewerbegebiet-sasserath.de\\\/#website\"},\"datePublished\":\"2022-06-27T12:47:57+00:00\",\"dateModified\":\"2022-06-27T13:27:06+00:00\",\"breadcrumb\":{\"@id\":\"https:\\\/\\\/nein-zum-gewerbegebiet-sasserath.de\\\/index.php\\\/entscheidende-politiker\\\/#breadcrumb\"},\"inLanguage\":\"de\",\"potentialAction\":[{\"@type\":\"ReadAction\",\"target\":[\"https:\\\/\\\/nein-zum-gewerbegebiet-sasserath.de\\\/index.php\\\/entscheidende-politiker\\\/\"]}]},{\"@type\":\"BreadcrumbList\",\"@id\":\"https:\\\/\\\/nein-zum-gewerbegebiet-sasserath.de\\\/index.php\\\/entscheidende-politiker\\\/#breadcrumb\",\"itemListElement\":[{\"@type\":\"ListItem\",\"position\":1,\"name\":\"Startseite\",\"item\":\"https:\\\/\\\/nein-zum-gewerbegebiet-sasserath.de\\\/\"},{\"@type\":\"ListItem\",\"position\":2,\"name\":\"Entscheidende Politiker\"}]},{\"@type\":\"WebSite\",\"@id\":\"https:\\\/\\\/nein-zum-gewerbegebiet-sasserath.de\\\/#website\",\"url\":\"https:\\\/\\\/nein-zum-gewerbegebiet-sasserath.de\\\/\",\"name\":\"Nein zum Gewerbegebiet Sasserath\",\"description\":\"Informationen zur B\u00fcrgerinitiative Sasserath gegen das Gewerbegebeit Sasserath\",\"publisher\":{\"@id\":\"https:\\\/\\\/nein-zum-gewerbegebiet-sasserath.de\\\/#organization\"},\"potentialAction\":[{\"@type\":\"SearchAction\",\"target\":{\"@type\":\"EntryPoint\",\"urlTemplate\":\"https:\\\/\\\/nein-zum-gewerbegebiet-sasserath.de\\\/?s={search_term_string}\"},\"query-input\":{\"@type\":\"PropertyValueSpecification\",\"valueRequired\":true,\"valueName\":\"search_term_string\"}}],\"inLanguage\":\"de\"},{\"@type\":\"Organization\",\"@id\":\"https:\\\/\\\/nein-zum-gewerbegebiet-sasserath.de\\\/#organization\",\"name\":\"B\u00fcrgerinitative Sasserath\",\"url\":\"https:\\\/\\\/nein-zum-gewerbegebiet-sasserath.de\\\/\",\"logo\":{\"@type\":\"ImageObject\",\"inLanguage\":\"de\",\"@id\":\"https:\\\/\\\/nein-zum-gewerbegebiet-sasserath.de\\\/#\\\/schema\\\/logo\\\/image\\\/\",\"url\":\"https:\\\/\\\/nein-zum-gewerbegebiet-sasserath.de\\\/wp-content\\\/uploads\\\/2022\\\/05\\\/logo.jpg\",\"contentUrl\":\"https:\\\/\\\/nein-zum-gewerbegebiet-sasserath.de\\\/wp-content\\\/uploads\\\/2022\\\/05\\\/logo.jpg\",\"width\":1748,\"height\":1118,\"caption\":\"B\u00fcrgerinitative Sasserath\"},\"image\":{\"@id\":\"https:\\\/\\\/nein-zum-gewerbegebiet-sasserath.de\\\/#\\\/schema\\\/logo\\\/image\\\/\"}}]}<\/script>\n<!-- \/ Yoast SEO plugin. -->","yoast_head_json":{"title":"Entscheidende Politiker - Nein zum Gewerbegebiet Sasserath","robots":{"index":"index","follow":"follow","max-snippet":"max-snippet:-1","max-image-preview":"max-image-preview:large","max-video-preview":"max-video-preview:-1"},"canonical":"https:\/\/nein-zum-gewerbegebiet-sasserath.de\/index.php\/entscheidende-politiker\/","og_locale":"de_DE","og_type":"article","og_title":"Entscheidende Politiker - Nein zum Gewerbegebiet Sasserath","og_description":"Hier ein paar Adressen enscheidender Politiker an die ihr Euch zum Thema wenden k\u00f6nnt: Harald Zillikens (CDU J\u00fcchen) harald.zillikens@juechen.de Mario Broisch (CDU J\u00fcchen) mario.broisch@googlemail.com Hans-Josef Schneider (SPD J\u00fcchen) hans-josef.schneider@spd-juechen.de Thomas Dederichs (Gr\u00fcne J\u00fcchen) thomas.dederichs@gruene-juechen.com Konrad Thelen (FDP J\u00fcchen) konradthelen@web.de Gerolf Hommel (FWG J\u00fcchen) gerolf.hommel@fwg-juechen.de Ratsb\u00fcro (J\u00fcchen): Norbert.wolf@juechen.de Ralf Cremers cremers-ralf@t-online.de Felix Heinrichs (SPD MG) oberbuergermeister@moenchengladbach.de [&hellip;]","og_url":"https:\/\/nein-zum-gewerbegebiet-sasserath.de\/index.php\/entscheidende-politiker\/","og_site_name":"Nein zum Gewerbegebiet Sasserath","article_modified_time":"2022-06-27T13:27:06+00:00","twitter_card":"summary_large_image","twitter_misc":{"Gesch\u00e4tzte Lesezeit":"1\u00a0Minute"},"schema":{"@context":"https:\/\/schema.org","@graph":[{"@type":"WebPage","@id":"https:\/\/nein-zum-gewerbegebiet-sasserath.de\/index.php\/entscheidende-politiker\/","url":"https:\/\/nein-zum-gewerbegebiet-sasserath.de\/index.php\/entscheidende-politiker\/","name":"Entscheidende Politiker - Nein zum Gewerbegebiet Sasserath","isPartOf":{"@id":"https:\/\/nein-zum-gewerbegebiet-sasserath.de\/#website"},"datePublished":"2022-06-27T12:47:57+00:00","dateModified":"2022-06-27T13:27:06+00:00","breadcrumb":{"@id":"https:\/\/nein-zum-gewerbegebiet-sasserath.de\/index.php\/entscheidende-politiker\/#breadcrumb"},"inLanguage":"de","potentialAction":[{"@type":"ReadAction","target":["https:\/\/nein-zum-gewerbegebiet-sasserath.de\/index.php\/entscheidende-politiker\/"]}]},{"@type":"BreadcrumbList","@id":"https:\/\/nein-zum-gewerbegebiet-sasserath.de\/index.php\/entscheidende-politiker\/#breadcrumb","itemListElement":[{"@type":"ListItem","position":1,"name":"Startseite","item":"https:\/\/nein-zum-gewerbegebiet-sasserath.de\/"},{"@type":"ListItem","position":2,"name":"Entscheidende Politiker"}]},{"@type":"WebSite","@id":"https:\/\/nein-zum-gewerbegebiet-sasserath.de\/#website","url":"https:\/\/nein-zum-gewerbegebiet-sasserath.de\/","name":"Nein zum Gewerbegebiet Sasserath","description":"Informationen zur B\u00fcrgerinitiative Sasserath gegen das Gewerbegebeit Sasserath","publisher":{"@id":"https:\/\/nein-zum-gewerbegebiet-sasserath.de\/#organization"},"potentialAction":[{"@type":"SearchAction","target":{"@type":"EntryPoint","urlTemplate":"https:\/\/nein-zum-gewerbegebiet-sasserath.de\/?s={search_term_string}"},"query-input":{"@type":"PropertyValueSpecification","valueRequired":true,"valueName":"search_term_string"}}],"inLanguage":"de"},{"@type":"Organization","@id":"https:\/\/nein-zum-gewerbegebiet-sasserath.de\/#organization","name":"B\u00fcrgerinitative Sasserath","url":"https:\/\/nein-zum-gewerbegebiet-sasserath.de\/","logo":{"@type":"ImageObject","inLanguage":"de","@id":"https:\/\/nein-zum-gewerbegebiet-sasserath.de\/#\/schema\/logo\/image\/","url":"https:\/\/nein-zum-gewerbegebiet-sasserath.de\/wp-content\/uploads\/2022\/05\/logo.jpg","contentUrl":"https:\/\/nein-zum-gewerbegebiet-sasserath.de\/wp-content\/uploads\/2022\/05\/logo.jpg","width":1748,"height":1118,"caption":"B\u00fcrgerinitative Sasserath"},"image":{"@id":"https:\/\/nein-zum-gewerbegebiet-sasserath.de\/#\/schema\/logo\/image\/"}}]}},"_links":{"self":[{"href":"https:\/\/nein-zum-gewerbegebiet-sasserath.de\/index.php\/wp-json\/wp\/v2\/pages\/376","targetHints":{"allow":["GET"]}}],"collection":[{"href":"https:\/\/nein-zum-gewerbegebiet-sasserath.de\/index.php\/wp-json\/wp\/v2\/pages"}],"about":[{"href":"https:\/\/nein-zum-gewerbegebiet-sasserath.de\/index.php\/wp-json\/wp\/v2\/types\/page"}],"author":[{"embeddable":true,"href":"https:\/\/nein-zum-gewerbegebiet-sasserath.de\/index.php\/wp-json\/wp\/v2\/users\/1"}],"replies":[{"embeddable":true,"href":"https:\/\/nein-zum-gewerbegebiet-sasserath.de\/index.php\/wp-json\/wp\/v2\/comments?post=376"}],"version-history":[{"count":4,"href":"https:\/\/nein-zum-gewerbegebiet-sasserath.de\/index.php\/wp-json\/wp\/v2\/pages\/376\/revisions"}],"predecessor-version":[{"id":384,"href":"https:\/\/nein-zum-gewerbegebiet-sasserath.de\/index.php\/wp-json\/wp\/v2\/pages\/376\/revisions\/384"}],"wp:attachment":[{"href":"https:\/\/nein-zum-gewerbegebiet-sasserath.de\/index.php\/wp-json\/wp\/v2\/media?parent=376"}],"curies":[{"name":"wp","href":"https:\/\/api.w.org\/{rel}","templated":true}]}}