{"id":95,"date":"2022-05-24T06:33:28","date_gmt":"2022-05-24T06:33:28","guid":{"rendered":"https:\/\/nein-zum-gewerbegebiet-sasserath.de\/?page_id=95"},"modified":"2022-05-24T06:55:23","modified_gmt":"2022-05-24T06:55:23","slug":"impressum","status":"publish","type":"page","link":"https:\/\/nein-zum-gewerbegebiet-sasserath.de\/index.php\/impressum\/","title":{"rendered":"Impressum"},"content":{"rendered":"\n<p><br><br><strong>B\u00fcrgerinitiative Sasserath<\/strong><\/p>\n\n\n\n<p>buergerinitiative-sasserath (at) gmx.de<br><\/p>\n\n\n\n<p><strong>Volks- und Heimatverein Schaan 1952 e.V <\/strong><\/p>\n\n\n\n<p>Administration<br>Tim Jansen<\/p>\n\n\n\n<p>Schaan 104<br>41363 J\u00fcchen<\/p>\n\n\n\n<p>Tel: +49 157 72002907<br>mail: tim (at) rairstyling.de<\/p>\n\n\n\n<p><strong>Vertretungsberechtigt gem. \u00a7 5 Abs. 1 TMG und verantwortlich f\u00fcr den Inhalt nach \u00a7 55 RStV.<\/strong><br>Tim Jansen Schaan 104 D-41363 J\u00fcchen<br>Mobil +49 1577 2002907 E-Mail tim (at) ranch-roping-team.de<\/p>\n\n\n\n<p><strong>Urheberrecht:<\/strong><br>Es wird ausdr\u00fccklich darauf hingewiesen, dass jegliche Abbildungen, Texte, graphische Animationen und anderes Material auf dieser Internetpr\u00e4senz urheberrechtlich gesch\u00fctzt sind. Es ist untersagt, ohne weitere Absprachen mit dem Anbieter, Bildmaterial zur weiteren Verwendung zu kopieren oder zu modifizieren. Hiervon ausgenommen sind alle als solche gekennzeichneten Download-Angebote.<\/p>\n\n\n\n<p><strong>Haftungsausschlu\u00df:<\/strong><br>Die auf unseren Seiten enthaltenen Links werden mit gr\u00f6\u00dftm\u00f6glicher Sorgfalt recherchiert und zusammengestellt. Wir sind nicht f\u00fcr den Inhalt der verkn\u00fcpften Seiten verantwortlich und machen uns deren Inhalt nicht zu Eigen. F\u00fcr illegale, fehlerhafte oder unvollst\u00e4ndige Inhalte sowie f\u00fcr Sch\u00e4den, die durch die Nutzung oder Nichtnutzung der Informationen entstehen, haftet allein der Anbieter der Internetseite, auf die verwiesen wurde. Die Haftung desjenigen, der lediglich auf die Ver\u00f6ffentlichung durch einen Link hinweist, ist ausgeschlossen. Sofern Sie bei externen Links auf Gestaltungen oder Inhalte sto\u00dfen, die zu beanstanden sein k\u00f6nnten oder der von uns angegebene Link nicht zu dem angegebenen Ziel f\u00fchrt, bitten wir um \u00dcbersendung einer E-Mail, damit eine \u00dcberpr\u00fcfung des Links erfolgen kann.<\/p>\n","protected":false},"excerpt":{"rendered":"<p>B\u00fcrgerinitiative Sasserath buergerinitiative-sasserath (at) gmx.de Volks- und Heimatverein Schaan 1952 e.V AdministrationTim Jansen Schaan 10441363 J\u00fcchen Tel: +49 157 72002907mail: tim (at) rairstyling.de Vertretungsberechtigt gem. \u00a7 5 Abs. 1 TMG und verantwortlich f\u00fcr den Inhalt nach \u00a7 55 RStV.Tim Jansen Schaan 104 D-41363 J\u00fcchenMobil +49 1577 2002907 E-Mail tim (at) ranch-roping-team.de Urheberrecht:Es wird ausdr\u00fccklich darauf [&hellip;]<\/p>\n","protected":false},"author":1,"featured_media":0,"parent":0,"menu_order":0,"comment_status":"closed","ping_status":"closed","template":"","meta":{"footnotes":""},"class_list":["post-95","page","type-page","status-publish","hentry"],"yoast_head":"<!-- This site is optimized with the Yoast SEO plugin v27.5 - https:\/\/yoast.com\/product\/yoast-seo-wordpress\/ -->\n<title>Impressum - Nein zum Gewerbegebiet Sasserath<\/title>\n<meta name=\"robots\" content=\"index, follow, max-snippet:-1, max-image-preview:large, max-video-preview:-1\" \/>\n<link rel=\"canonical\" href=\"https:\/\/nein-zum-gewerbegebiet-sasserath.de\/index.php\/impressum\/\" \/>\n<meta property=\"og:locale\" content=\"de_DE\" \/>\n<meta property=\"og:type\" content=\"article\" \/>\n<meta property=\"og:title\" content=\"Impressum - Nein zum Gewerbegebiet Sasserath\" \/>\n<meta property=\"og:description\" content=\"B\u00fcrgerinitiative Sasserath buergerinitiative-sasserath (at) gmx.de Volks- und Heimatverein Schaan 1952 e.V AdministrationTim Jansen Schaan 10441363 J\u00fcchen Tel: +49 157 72002907mail: tim (at) rairstyling.de Vertretungsberechtigt gem. \u00a7 5 Abs. 1 TMG und verantwortlich f\u00fcr den Inhalt nach \u00a7 55 RStV.Tim Jansen Schaan 104 D-41363 J\u00fcchenMobil +49 1577 2002907 E-Mail tim (at) ranch-roping-team.de Urheberrecht:Es wird ausdr\u00fccklich darauf [&hellip;]\" \/>\n<meta property=\"og:url\" content=\"https:\/\/nein-zum-gewerbegebiet-sasserath.de\/index.php\/impressum\/\" \/>\n<meta property=\"og:site_name\" content=\"Nein zum Gewerbegebiet Sasserath\" \/>\n<meta property=\"article:modified_time\" content=\"2022-05-24T06:55:23+00:00\" \/>\n<meta name=\"twitter:card\" content=\"summary_large_image\" \/>\n<meta name=\"twitter:label1\" content=\"Gesch\u00e4tzte Lesezeit\" \/>\n\t<meta name=\"twitter:data1\" content=\"2\u00a0Minuten\" \/>\n<script type=\"application\/ld+json\" class=\"yoast-schema-graph\">{\"@context\":\"https:\\\/\\\/schema.org\",\"@graph\":[{\"@type\":\"WebPage\",\"@id\":\"https:\\\/\\\/nein-zum-gewerbegebiet-sasserath.de\\\/index.php\\\/impressum\\\/\",\"url\":\"https:\\\/\\\/nein-zum-gewerbegebiet-sasserath.de\\\/index.php\\\/impressum\\\/\",\"name\":\"Impressum - Nein zum Gewerbegebiet Sasserath\",\"isPartOf\":{\"@id\":\"https:\\\/\\\/nein-zum-gewerbegebiet-sasserath.de\\\/#website\"},\"datePublished\":\"2022-05-24T06:33:28+00:00\",\"dateModified\":\"2022-05-24T06:55:23+00:00\",\"breadcrumb\":{\"@id\":\"https:\\\/\\\/nein-zum-gewerbegebiet-sasserath.de\\\/index.php\\\/impressum\\\/#breadcrumb\"},\"inLanguage\":\"de\",\"potentialAction\":[{\"@type\":\"ReadAction\",\"target\":[\"https:\\\/\\\/nein-zum-gewerbegebiet-sasserath.de\\\/index.php\\\/impressum\\\/\"]}]},{\"@type\":\"BreadcrumbList\",\"@id\":\"https:\\\/\\\/nein-zum-gewerbegebiet-sasserath.de\\\/index.php\\\/impressum\\\/#breadcrumb\",\"itemListElement\":[{\"@type\":\"ListItem\",\"position\":1,\"name\":\"Startseite\",\"item\":\"https:\\\/\\\/nein-zum-gewerbegebiet-sasserath.de\\\/\"},{\"@type\":\"ListItem\",\"position\":2,\"name\":\"Impressum\"}]},{\"@type\":\"WebSite\",\"@id\":\"https:\\\/\\\/nein-zum-gewerbegebiet-sasserath.de\\\/#website\",\"url\":\"https:\\\/\\\/nein-zum-gewerbegebiet-sasserath.de\\\/\",\"name\":\"Nein zum Gewerbegebiet Sasserath\",\"description\":\"Informationen zur B\u00fcrgerinitiative Sasserath gegen das Gewerbegebeit Sasserath\",\"publisher\":{\"@id\":\"https:\\\/\\\/nein-zum-gewerbegebiet-sasserath.de\\\/#organization\"},\"potentialAction\":[{\"@type\":\"SearchAction\",\"target\":{\"@type\":\"EntryPoint\",\"urlTemplate\":\"https:\\\/\\\/nein-zum-gewerbegebiet-sasserath.de\\\/?s={search_term_string}\"},\"query-input\":{\"@type\":\"PropertyValueSpecification\",\"valueRequired\":true,\"valueName\":\"search_term_string\"}}],\"inLanguage\":\"de\"},{\"@type\":\"Organization\",\"@id\":\"https:\\\/\\\/nein-zum-gewerbegebiet-sasserath.de\\\/#organization\",\"name\":\"B\u00fcrgerinitative Sasserath\",\"url\":\"https:\\\/\\\/nein-zum-gewerbegebiet-sasserath.de\\\/\",\"logo\":{\"@type\":\"ImageObject\",\"inLanguage\":\"de\",\"@id\":\"https:\\\/\\\/nein-zum-gewerbegebiet-sasserath.de\\\/#\\\/schema\\\/logo\\\/image\\\/\",\"url\":\"https:\\\/\\\/nein-zum-gewerbegebiet-sasserath.de\\\/wp-content\\\/uploads\\\/2022\\\/05\\\/logo.jpg\",\"contentUrl\":\"https:\\\/\\\/nein-zum-gewerbegebiet-sasserath.de\\\/wp-content\\\/uploads\\\/2022\\\/05\\\/logo.jpg\",\"width\":1748,\"height\":1118,\"caption\":\"B\u00fcrgerinitative Sasserath\"},\"image\":{\"@id\":\"https:\\\/\\\/nein-zum-gewerbegebiet-sasserath.de\\\/#\\\/schema\\\/logo\\\/image\\\/\"}}]}<\/script>\n<!-- \/ Yoast SEO plugin. -->","yoast_head_json":{"title":"Impressum - Nein zum Gewerbegebiet Sasserath","robots":{"index":"index","follow":"follow","max-snippet":"max-snippet:-1","max-image-preview":"max-image-preview:large","max-video-preview":"max-video-preview:-1"},"canonical":"https:\/\/nein-zum-gewerbegebiet-sasserath.de\/index.php\/impressum\/","og_locale":"de_DE","og_type":"article","og_title":"Impressum - Nein zum Gewerbegebiet Sasserath","og_description":"B\u00fcrgerinitiative Sasserath buergerinitiative-sasserath (at) gmx.de Volks- und Heimatverein Schaan 1952 e.V AdministrationTim Jansen Schaan 10441363 J\u00fcchen Tel: +49 157 72002907mail: tim (at) rairstyling.de Vertretungsberechtigt gem. \u00a7 5 Abs. 1 TMG und verantwortlich f\u00fcr den Inhalt nach \u00a7 55 RStV.Tim Jansen Schaan 104 D-41363 J\u00fcchenMobil +49 1577 2002907 E-Mail tim (at) ranch-roping-team.de Urheberrecht:Es wird ausdr\u00fccklich darauf [&hellip;]","og_url":"https:\/\/nein-zum-gewerbegebiet-sasserath.de\/index.php\/impressum\/","og_site_name":"Nein zum Gewerbegebiet Sasserath","article_modified_time":"2022-05-24T06:55:23+00:00","twitter_card":"summary_large_image","twitter_misc":{"Gesch\u00e4tzte Lesezeit":"2\u00a0Minuten"},"schema":{"@context":"https:\/\/schema.org","@graph":[{"@type":"WebPage","@id":"https:\/\/nein-zum-gewerbegebiet-sasserath.de\/index.php\/impressum\/","url":"https:\/\/nein-zum-gewerbegebiet-sasserath.de\/index.php\/impressum\/","name":"Impressum - Nein zum Gewerbegebiet Sasserath","isPartOf":{"@id":"https:\/\/nein-zum-gewerbegebiet-sasserath.de\/#website"},"datePublished":"2022-05-24T06:33:28+00:00","dateModified":"2022-05-24T06:55:23+00:00","breadcrumb":{"@id":"https:\/\/nein-zum-gewerbegebiet-sasserath.de\/index.php\/impressum\/#breadcrumb"},"inLanguage":"de","potentialAction":[{"@type":"ReadAction","target":["https:\/\/nein-zum-gewerbegebiet-sasserath.de\/index.php\/impressum\/"]}]},{"@type":"BreadcrumbList","@id":"https:\/\/nein-zum-gewerbegebiet-sasserath.de\/index.php\/impressum\/#breadcrumb","itemListElement":[{"@type":"ListItem","position":1,"name":"Startseite","item":"https:\/\/nein-zum-gewerbegebiet-sasserath.de\/"},{"@type":"ListItem","position":2,"name":"Impressum"}]},{"@type":"WebSite","@id":"https:\/\/nein-zum-gewerbegebiet-sasserath.de\/#website","url":"https:\/\/nein-zum-gewerbegebiet-sasserath.de\/","name":"Nein zum Gewerbegebiet Sasserath","description":"Informationen zur B\u00fcrgerinitiative Sasserath gegen das Gewerbegebeit Sasserath","publisher":{"@id":"https:\/\/nein-zum-gewerbegebiet-sasserath.de\/#organization"},"potentialAction":[{"@type":"SearchAction","target":{"@type":"EntryPoint","urlTemplate":"https:\/\/nein-zum-gewerbegebiet-sasserath.de\/?s={search_term_string}"},"query-input":{"@type":"PropertyValueSpecification","valueRequired":true,"valueName":"search_term_string"}}],"inLanguage":"de"},{"@type":"Organization","@id":"https:\/\/nein-zum-gewerbegebiet-sasserath.de\/#organization","name":"B\u00fcrgerinitative Sasserath","url":"https:\/\/nein-zum-gewerbegebiet-sasserath.de\/","logo":{"@type":"ImageObject","inLanguage":"de","@id":"https:\/\/nein-zum-gewerbegebiet-sasserath.de\/#\/schema\/logo\/image\/","url":"https:\/\/nein-zum-gewerbegebiet-sasserath.de\/wp-content\/uploads\/2022\/05\/logo.jpg","contentUrl":"https:\/\/nein-zum-gewerbegebiet-sasserath.de\/wp-content\/uploads\/2022\/05\/logo.jpg","width":1748,"height":1118,"caption":"B\u00fcrgerinitative Sasserath"},"image":{"@id":"https:\/\/nein-zum-gewerbegebiet-sasserath.de\/#\/schema\/logo\/image\/"}}]}},"_links":{"self":[{"href":"https:\/\/nein-zum-gewerbegebiet-sasserath.de\/index.php\/wp-json\/wp\/v2\/pages\/95","targetHints":{"allow":["GET"]}}],"collection":[{"href":"https:\/\/nein-zum-gewerbegebiet-sasserath.de\/index.php\/wp-json\/wp\/v2\/pages"}],"about":[{"href":"https:\/\/nein-zum-gewerbegebiet-sasserath.de\/index.php\/wp-json\/wp\/v2\/types\/page"}],"author":[{"embeddable":true,"href":"https:\/\/nein-zum-gewerbegebiet-sasserath.de\/index.php\/wp-json\/wp\/v2\/users\/1"}],"replies":[{"embeddable":true,"href":"https:\/\/nein-zum-gewerbegebiet-sasserath.de\/index.php\/wp-json\/wp\/v2\/comments?post=95"}],"version-history":[{"count":2,"href":"https:\/\/nein-zum-gewerbegebiet-sasserath.de\/index.php\/wp-json\/wp\/v2\/pages\/95\/revisions"}],"predecessor-version":[{"id":108,"href":"https:\/\/nein-zum-gewerbegebiet-sasserath.de\/index.php\/wp-json\/wp\/v2\/pages\/95\/revisions\/108"}],"wp:attachment":[{"href":"https:\/\/nein-zum-gewerbegebiet-sasserath.de\/index.php\/wp-json\/wp\/v2\/media?parent=95"}],"curies":[{"name":"wp","href":"https:\/\/api.w.org\/{rel}","templated":true}]}}